{"id":74386,"date":"2015-07-11T09:00:23","date_gmt":"2015-07-11T02:00:23","guid":{"rendered":"https:\/\/transport.thememove.com\/?page_id=74386"},"modified":"2024-11-03T18:17:35","modified_gmt":"2024-11-03T18:17:35","slug":"warehouse-cost","status":"publish","type":"page","link":"https:\/\/transportesteve.com\/?page_id=74386","title":{"rendered":"Transporte de vehiculos"},"content":{"rendered":"<p>[vc_row full_width=\u00bbstretch_row\u00bb parallax=\u00bbcontent-moving\u00bb parallax_image=\u00bb75060&#8243; css=\u00bb.vc_custom_1618791781818{margin-bottom: 0px !important;padding-top: 0px !important;padding-bottom: 0px !important;}\u00bb el_class=\u00bbhome__about-us-2&#8243;][vc_column width=\u00bb1\/2&#8243; css=\u00bb.vc_custom_1460367478384{padding-top: 0px !important;padding-bottom: 0px !important;}\u00bb][vc_custom_heading text=\u00bbNI\u00d1ERA VEHICULAR.\u00bb font_container=\u00bbtag:h2|text_align:left|color:%23111111&#8243; use_theme_fonts=\u00bbyes\u00bb el_class=\u00bbstyle4&#8243; css=\u00bb.vc_custom_1618791603239{margin-bottom: 50px !important;padding-top: 130px !important;}\u00bb][vc_column_text]<\/p>\n<p style=\"background: white; vertical-align: baseline; margin: 0cm 0cm 18pt; text-align: center;\" align=\"center\">El transporte de veh\u00edculos en ni\u00f1era \u00f3 nodriza es una soluci\u00f3n eficiente para el traslado de automoviles, camperos o camionetas. Utilizando camiones de grandes superficies, especializados con capacidad para transportar varios autos simult\u00e1neamente, este m\u00e9todo garantiza un transporte seguro y \u00e1gil. A diferencia de otros m\u00e9todos, como el transporte individual, la nodriza reduce costos y tiempo, ofreciendo una opci\u00f3n ideal para concesionarios, particulares y flotas empresariales.<\/p>\n<p>[\/vc_column_text][thememove_button text=\u00bbSOLICITAR COTIZACI\u00d3N\u00bb url=\u00bbhttps:\/\/transportesteve.com\/?page_id=75200&#8243; icon=\u00bbfa-arrow-right\u00bb][\/vc_column][vc_column width=\u00bb1\/2&#8243;][\/vc_column][\/vc_row][vc_row][vc_column][vc_tta_accordion][vc_tta_section title=\u00bbVentajas\u00bb tab_id=\u00bbventajas\u00bb][vc_row_inner][vc_column_inner width=\u00bb1\/2&#8243;][vc_column_text css_animation=\u00bbbounceIn\u00bb]<\/p>\n<h2>Transporte de Veh\u00edculos en Ni\u00f1era.<\/h2>\n<p><\/br><\/p>\n<ol>\n<li><strong>Seguridad<\/strong>: Los veh\u00edculos se transportan de manera segura, minimizando el riesgo de da\u00f1os.<\/li>\n<li><strong>Ahorro de Tiempo<\/strong>: Al transportar m\u00faltiples veh\u00edculos a la vez, los tiempos de entrega se reducen significativamente.<\/li>\n<li><strong>Eficiencia Econ\u00f3mica<\/strong>: Menor costo por unidad al cargar varios veh\u00edculos en un solo viaje.<\/li>\n<li><strong>Capacidad de Carga<\/strong>: Ideal para empresas que necesitan trasladar m\u00faltiples autos.<\/li>\n<li><strong>P\u00f3liza<\/strong>: Los veh\u00edculos viajan resguardados por una p\u00f3liza de carga.<\/li>\n<\/ol>\n<p>[\/vc_column_text][\/vc_column_inner][vc_column_inner width=\u00bb1\/2&#8243;][vc_single_image image=\u00bb75096&#8243; img_size=\u00bbfull\u00bb alignment=\u00bbcenter\u00bb][\/vc_column_inner][\/vc_row_inner][\/vc_tta_section][vc_tta_section title=\u00bbProceso de Solicitud\u00bb tab_id=\u00bbsolicitud\u00bb][vc_row_inner][vc_column_inner width=\u00bb1\/2&#8243;][vc_column_text css_animation=\u00bbbounceIn\u00bb]<\/p>\n<h2>Servicio de Ni\u00f1era Veh\u00edcular.<\/h2>\n<p><\/br><\/p>\n<ol>\n<li>Pulsa en el bot\u00f3n solicitar cotizaci\u00f3n.<\/li>\n<li>Diligencia los datos del solicitante.<\/li>\n<li>Proporciona detalles sobre el veh\u00edculo a transportar.<\/li>\n<li>Selecciona el nivel de prioridad que requieres.<\/li>\n<li>pulsa en el bot\u00f3n enviar<\/li>\n<li>Uno de nuestros asesores le contactara al numero de celular que ha registrado en el formulario de solicitud, para m\u00e1s informaci\u00f3n, puede contactarnos a trav\u00e9s del n\u00famero 3204471550 o al correo electr\u00f3nico comercial@transportesteve.com<\/li>\n<\/ol>\n<p>[\/vc_column_text][thememove_button text=\u00bbSOLICITAR COTIZACI\u00d3N\u00bb url=\u00bbhttps:\/\/transportesteve.com\/?page_id=75200&#8243; icon=\u00bbfa-arrow-right\u00bb][\/vc_column_inner][vc_column_inner width=\u00bb1\/2&#8243;][vc_single_image image=\u00bb75486&#8243; img_size=\u00bbmedium\u00bb alignment=\u00bbcenter\u00bb][\/vc_column_inner][\/vc_row_inner][\/vc_tta_section][\/vc_tta_accordion][\/vc_column][\/vc_row]<\/p>\n","protected":false},"excerpt":{"rendered":"<p>[vc_row full_width=\u00bbstretch_row\u00bb parallax=\u00bbcontent-moving\u00bb parallax_image=\u00bb75060&#8243; css=\u00bb.vc_custom_1618791781818{margin-bottom: 0px !important;padding-top: 0px !important;padding-bottom: 0px !important;}\u00bb el_class=\u00bbhome__about-us-2&#8243;][vc_column width=\u00bb1\/2&#8243; css=\u00bb.vc_custom_1460367478384{padding-top: 0px !important;padding-bottom: 0px !important;}\u00bb][vc_custom_heading text=\u00bbNI\u00d1ERA VEHICULAR.\u00bb [&hellip;]<\/p>\n","protected":false},"author":1,"featured_media":0,"parent":0,"menu_order":0,"comment_status":"open","ping_status":"closed","template":"","meta":{"_joinchat":[],"footnotes":""},"class_list":["post-74386","page","type-page","status-publish","hentry"],"aioseo_notices":[],"_links":{"self":[{"href":"https:\/\/transportesteve.com\/index.php?rest_route=\/wp\/v2\/pages\/74386","targetHints":{"allow":["GET"]}}],"collection":[{"href":"https:\/\/transportesteve.com\/index.php?rest_route=\/wp\/v2\/pages"}],"about":[{"href":"https:\/\/transportesteve.com\/index.php?rest_route=\/wp\/v2\/types\/page"}],"author":[{"embeddable":true,"href":"https:\/\/transportesteve.com\/index.php?rest_route=\/wp\/v2\/users\/1"}],"replies":[{"embeddable":true,"href":"https:\/\/transportesteve.com\/index.php?rest_route=%2Fwp%2Fv2%2Fcomments&post=74386"}],"version-history":[{"count":49,"href":"https:\/\/transportesteve.com\/index.php?rest_route=\/wp\/v2\/pages\/74386\/revisions"}],"predecessor-version":[{"id":75494,"href":"https:\/\/transportesteve.com\/index.php?rest_route=\/wp\/v2\/pages\/74386\/revisions\/75494"}],"wp:attachment":[{"href":"https:\/\/transportesteve.com\/index.php?rest_route=%2Fwp%2Fv2%2Fmedia&parent=74386"}],"curies":[{"name":"wp","href":"https:\/\/api.w.org\/{rel}","templated":true}]}}