{"id":74504,"date":"2015-07-16T09:54:28","date_gmt":"2015-07-16T09:54:28","guid":{"rendered":"https:\/\/transport.thememove.com\/?page_id=74504"},"modified":"2021-04-23T17:50:44","modified_gmt":"2021-04-23T17:50:44","slug":"about-us-basic","status":"publish","type":"page","link":"https:\/\/transportesteve.com\/?page_id=74504","title":{"rendered":"Historia"},"content":{"rendered":"<p>[vc_row full_width=\u00bbstretch_row\u00bb parallax=\u00bbcontent-moving\u00bb parallax_image=\u00bb75060&#8243; css=\u00bb.vc_custom_1618791781818{margin-bottom: 0px !important;padding-top: 0px !important;padding-bottom: 0px !important;}\u00bb el_class=\u00bbhome__about-us-2&#8243;][vc_column width=\u00bb1\/2&#8243; css=\u00bb.vc_custom_1460367478384{padding-top: 0px !important;padding-bottom: 0px !important;}\u00bb][vc_custom_heading text=\u00bbNUESTRA HISTORIA.\u00bb font_container=\u00bbtag:h2|text_align:left|color:%23111111&#8243; use_theme_fonts=\u00bbyes\u00bb el_class=\u00bbstyle4&#8243; css=\u00bb.vc_custom_1618791603239{margin-bottom: 50px !important;padding-top: 70px !important;}\u00bb][vc_column_text el_class=\u00bbgray\u00bb]<\/p>\n<p style=\"text-align: justify; background: white; vertical-align: baseline; margin: 0cm 0cm 18.0pt 35.4pt;\"><span style=\"font-size: 10.5pt; font-family: 'Open Sans',serif; color: black;\">Transporte especializado de veh\u00edculos es una empresa dedicada al traslado de veh\u00edculos, transporte de autos a nivel nacional.<\/span><\/p>\n<p style=\"text-align: justify; background: white; vertical-align: baseline; margin: 0cm 0cm 18.0pt 35.4pt;\"><span style=\"font-size: 10.5pt; font-family: 'Open Sans',serif; color: black;\">Transporte especializado de veh\u00edculos es una empresa familiar con mas de 16 a\u00f1os de experiencia en el negocio de traslado de veh\u00edculos a nivel nacional, y esta conformada por 15 carros de flota propia y mas de 40 carros afiliados a nuestra empresa, tambi\u00e9n cuenta con personal autorizado en las principales ciudades de Colombia que nos prestan el servicio de jefes de despacho. Adem\u00e1s contamos con parqueaderos aliados a nuestra empresa que nos prestan servicio de bodegaje de carros de nuestros clientes en las principales ciudades<\/span><\/p>\n<p style=\"text-align: justify; background: white; vertical-align: baseline; margin: 0cm 0cm 18.0pt 35.4pt;\"><span style=\"font-size: 10.5pt; font-family: 'Open Sans',serif; color: black;\">En el a\u00f1o 2004 empieza el funcionamiento de nuestra empresa con tal solo 3 veh\u00edculos para estos servicios, dado nuestro cumplimiento y nuestros excelentes precios hoy hemos crecido de manera considerable gracias al nivel de clientes que manejamos.<\/span><\/p>\n<p>[vc_empty_space height=\u00bb70px\u00bb][\/vc_column][vc_column width=\u00bb1\/2&#8243;][\/vc_column][\/vc_row]<\/p>\n","protected":false},"excerpt":{"rendered":"<p>[vc_row full_width=\u00bbstretch_row\u00bb parallax=\u00bbcontent-moving\u00bb parallax_image=\u00bb75060&#8243; css=\u00bb.vc_custom_1618791781818{margin-bottom: 0px !important;padding-top: 0px !important;padding-bottom: 0px !important;}\u00bb el_class=\u00bbhome__about-us-2&#8243;][vc_column width=\u00bb1\/2&#8243; css=\u00bb.vc_custom_1460367478384{padding-top: 0px !important;padding-bottom: 0px !important;}\u00bb][vc_custom_heading text=\u00bbNUESTRA HISTORIA.\u00bb [&hellip;]<\/p>\n","protected":false},"author":1,"featured_media":0,"parent":0,"menu_order":0,"comment_status":"open","ping_status":"open","template":"","meta":{"_joinchat":[],"footnotes":""},"class_list":["post-74504","page","type-page","status-publish","hentry"],"aioseo_notices":[],"_links":{"self":[{"href":"https:\/\/transportesteve.com\/index.php?rest_route=\/wp\/v2\/pages\/74504","targetHints":{"allow":["GET"]}}],"collection":[{"href":"https:\/\/transportesteve.com\/index.php?rest_route=\/wp\/v2\/pages"}],"about":[{"href":"https:\/\/transportesteve.com\/index.php?rest_route=\/wp\/v2\/types\/page"}],"author":[{"embeddable":true,"href":"https:\/\/transportesteve.com\/index.php?rest_route=\/wp\/v2\/users\/1"}],"replies":[{"embeddable":true,"href":"https:\/\/transportesteve.com\/index.php?rest_route=%2Fwp%2Fv2%2Fcomments&post=74504"}],"version-history":[{"count":9,"href":"https:\/\/transportesteve.com\/index.php?rest_route=\/wp\/v2\/pages\/74504\/revisions"}],"predecessor-version":[{"id":75222,"href":"https:\/\/transportesteve.com\/index.php?rest_route=\/wp\/v2\/pages\/74504\/revisions\/75222"}],"wp:attachment":[{"href":"https:\/\/transportesteve.com\/index.php?rest_route=%2Fwp%2Fv2%2Fmedia&parent=74504"}],"curies":[{"name":"wp","href":"https:\/\/api.w.org\/{rel}","templated":true}]}}