{"id":75234,"date":"2021-04-20T21:46:29","date_gmt":"2021-04-20T21:46:29","guid":{"rendered":"https:\/\/transportesteve.com\/?page_id=75234"},"modified":"2021-07-23T12:29:04","modified_gmt":"2021-07-23T12:29:04","slug":"servicio-de-caravaneo","status":"publish","type":"page","link":"https:\/\/transportesteve.com\/?page_id=75234","title":{"rendered":"Servicio de caravaneo"},"content":{"rendered":"<p>[vc_row full_width=\u00bbstretch_row\u00bb parallax=\u00bbcontent-moving\u00bb parallax_image=\u00bb75243&#8243; css=\u00bb.vc_custom_1618956075482{margin-bottom: 0px !important;padding-top: 0px !important;padding-bottom: 0px !important;}\u00bb el_class=\u00bbhome__about-us-2&#8243;][vc_column width=\u00bb1\/2&#8243; css=\u00bb.vc_custom_1460367478384{padding-top: 0px !important;padding-bottom: 0px !important;}\u00bb][vc_custom_heading text=\u00bbSERVICIO DE CARAVANEO\u00bb font_container=\u00bbtag:h2|text_align:left|color:%23111111&#8243; use_theme_fonts=\u00bbyes\u00bb el_class=\u00bbstyle4&#8243; css=\u00bb.vc_custom_1618957200894{margin-bottom: 50px !important;padding-top: 130px !important;}\u00bb][vc_column_text el_class=\u00bbgray\u00bb]El servicio de Transporte de veh\u00edculos Caravaneo: consiste en proporcionar un conductor al cliente. En esta caso se presta el servicio de conductor para acompa\u00f1amiento en viaje o para trasladar el veh\u00edculo entre ciudades. Vale aclarar que el personal que utilizamos esta autorizado por nuestra empresa y la responsabilidad es de la empresa y no de la persona en particular. Este personal esta capacitado para trasladar autom\u00f3viles, camionetas, camiones y tractocamiones. Es el servicio mas r\u00e1pido en caso de traslado de un autom\u00f3vil entre ciudades.[\/vc_column_text][vc_custom_heading text=\u00bbSOLICITAR LLAMADA.\u00bb font_container=\u00bbtag:h2|text_align:left|color:%23111111&#8243; use_theme_fonts=\u00bbyes\u00bb el_class=\u00bbstyle4&#8243; css=\u00bb.vc_custom_1618957109752{margin-bottom: 50px !important;padding-top: 130px !important;}\u00bb][\/vc_column][vc_column width=\u00bb1\/2&#8243;][\/vc_column][\/vc_row][vc_row][vc_column]\n<div class=\"wpcf7 no-js\" id=\"wpcf7-f75322-o1\" lang=\"es-ES\" dir=\"ltr\" data-wpcf7-id=\"75322\">\n<div class=\"screen-reader-response\"><p role=\"status\" aria-live=\"polite\" aria-atomic=\"true\"><\/p> <ul><\/ul><\/div>\n<form action=\"\/index.php?rest_route=%2Fwp%2Fv2%2Fpages%2F75234#wpcf7-f75322-o1\" method=\"post\" class=\"wpcf7-form init\" aria-label=\"Formulario de contacto\" novalidate=\"novalidate\" data-status=\"init\">\n<div style=\"display: none;\">\n<input type=\"hidden\" name=\"_wpcf7\" value=\"75322\" \/>\n<input type=\"hidden\" name=\"_wpcf7_version\" value=\"6.0.6\" \/>\n<input type=\"hidden\" name=\"_wpcf7_locale\" value=\"es_ES\" \/>\n<input type=\"hidden\" name=\"_wpcf7_unit_tag\" value=\"wpcf7-f75322-o1\" \/>\n<input type=\"hidden\" name=\"_wpcf7_container_post\" value=\"0\" \/>\n<input type=\"hidden\" name=\"_wpcf7_posted_data_hash\" value=\"\" \/>\n<input type=\"hidden\" name=\"_wpcf7_recaptcha_response\" value=\"\" \/>\n<\/div>\n<div class=\"col-12\">\n\t<p><span class=\"wpcf7-form-control-wrap\" data-name=\"your-name\"><input size=\"40\" maxlength=\"400\" class=\"wpcf7-form-control wpcf7-text wpcf7-validates-as-required\" aria-required=\"true\" aria-invalid=\"false\" placeholder=\"Nombre\" value=\"\" type=\"text\" name=\"your-name\" \/><\/span><br \/>\n<span class=\"wpcf7-form-control-wrap\" data-name=\"tel-105\"><input size=\"40\" maxlength=\"400\" class=\"wpcf7-form-control wpcf7-tel wpcf7-validates-as-required wpcf7-text wpcf7-validates-as-tel\" aria-required=\"true\" aria-invalid=\"false\" placeholder=\"Numero de telefono\" value=\"\" type=\"tel\" name=\"tel-105\" \/><\/span><span class=\"wpcf7-form-control-wrap\" data-name=\"menu-430\"><select class=\"wpcf7-form-control wpcf7-select wpcf7-validates-as-required\" aria-required=\"true\" aria-invalid=\"false\" name=\"menu-430\"><option value=\"Elija \n   un nivel de prioridad\">Elija \n   un nivel de prioridad<\/option><option value=\"Baja\">Baja<\/option><option value=\"Media\">Media<\/option><option value=\"Alta\">Alta<\/option><\/select><\/span>\n\t<\/p>\n<\/div>\n<div class=\"col-12\">\n\t<p><input class=\"wpcf7-form-control wpcf7-submit has-spinner\" type=\"submit\" value=\"Enviar\" \/>\n\t<\/p>\n<\/div><p style=\"display: none !important;\" class=\"akismet-fields-container\" data-prefix=\"_wpcf7_ak_\"><label>&#916;<textarea name=\"_wpcf7_ak_hp_textarea\" cols=\"45\" rows=\"8\" maxlength=\"100\"><\/textarea><\/label><input type=\"hidden\" id=\"ak_js_1\" name=\"_wpcf7_ak_js\" value=\"17\"\/><script>document.getElementById( \"ak_js_1\" ).setAttribute( \"value\", ( new Date() ).getTime() );<\/script><\/p><div class=\"wpcf7-response-output\" aria-hidden=\"true\"><\/div>\n<\/form>\n<\/div>\n[\/vc_column][\/vc_row]<\/p>\n","protected":false},"excerpt":{"rendered":"<p>[vc_row full_width=\u00bbstretch_row\u00bb parallax=\u00bbcontent-moving\u00bb parallax_image=\u00bb75243&#8243; css=\u00bb.vc_custom_1618956075482{margin-bottom: 0px !important;padding-top: 0px !important;padding-bottom: 0px !important;}\u00bb el_class=\u00bbhome__about-us-2&#8243;][vc_column width=\u00bb1\/2&#8243; css=\u00bb.vc_custom_1460367478384{padding-top: 0px !important;padding-bottom: 0px !important;}\u00bb][vc_custom_heading text=\u00bbSERVICIO DE [&hellip;]<\/p>\n","protected":false},"author":1,"featured_media":0,"parent":0,"menu_order":0,"comment_status":"open","ping_status":"closed","template":"","meta":{"_joinchat":[],"footnotes":""},"class_list":["post-75234","page","type-page","status-publish","hentry"],"aioseo_notices":[],"_links":{"self":[{"href":"https:\/\/transportesteve.com\/index.php?rest_route=\/wp\/v2\/pages\/75234","targetHints":{"allow":["GET"]}}],"collection":[{"href":"https:\/\/transportesteve.com\/index.php?rest_route=\/wp\/v2\/pages"}],"about":[{"href":"https:\/\/transportesteve.com\/index.php?rest_route=\/wp\/v2\/types\/page"}],"author":[{"embeddable":true,"href":"https:\/\/transportesteve.com\/index.php?rest_route=\/wp\/v2\/users\/1"}],"replies":[{"embeddable":true,"href":"https:\/\/transportesteve.com\/index.php?rest_route=%2Fwp%2Fv2%2Fcomments&post=75234"}],"version-history":[{"count":10,"href":"https:\/\/transportesteve.com\/index.php?rest_route=\/wp\/v2\/pages\/75234\/revisions"}],"predecessor-version":[{"id":75341,"href":"https:\/\/transportesteve.com\/index.php?rest_route=\/wp\/v2\/pages\/75234\/revisions\/75341"}],"wp:attachment":[{"href":"https:\/\/transportesteve.com\/index.php?rest_route=%2Fwp%2Fv2%2Fmedia&parent=75234"}],"curies":[{"name":"wp","href":"https:\/\/api.w.org\/{rel}","templated":true}]}}