{"id":75266,"date":"2021-04-22T14:40:45","date_gmt":"2021-04-22T14:40:45","guid":{"rendered":"https:\/\/transportesteve.com\/?page_id=75266"},"modified":"2021-05-05T20:58:38","modified_gmt":"2021-05-05T20:58:38","slug":"solicitudes-corporativas","status":"publish","type":"page","link":"https:\/\/transportesteve.com\/?page_id=75266","title":{"rendered":"Solicitudes corporativas"},"content":{"rendered":"<p>[vc_row][vc_column width=\u00bb1\/2&#8243;][vc_hoverbox image=\u00bb75080&#8243; primary_title=\u00bb\u00bb hover_title=\u00bb\u00bb hover_align=\u00bbjustify\u00bb css=\u00bb.vc_custom_1619117049507{margin-bottom: 20px !important;}\u00bb]\u00bfEst\u00e1 buscando un aliado estrat\u00e9gico para transportar los veh\u00edculos de su empresa? Ofrecemos servicio de trasporte de veh\u00edculos con costo preferencial. Por favor completa el formulario a continuaci\u00f3n o comun\u00edquese al 3143330663. Uno de nuestros ejecutivos corporativos le atender\u00e1 lo antes posible.<\/p>\n<p>Recuerde que nuestros servicios incluyen poliza de carga, envi\u00e9 su veh\u00edculo seguro![\/vc_hoverbox][thememove_button text=\u00bbSolicitudes corporativas por WhatsApp\u00bb url=\u00bbhttps:\/\/api.whatsapp.com\/send?phone=573143330663&#8243; icon=\u00bbfab fa-whatsapp\u00bb el_class=\u00bbwhatsapp-color\u00bb][\/vc_column][vc_column width=\u00bb1\/2&#8243;][vc_tta_accordion][vc_tta_section i_icon_fontawesome=\u00bbfar fa-envelope-open\u00bb add_icon=\u00bbtrue\u00bb title=\u00bbSolicitud corporativa\u00bb tab_id=\u00bb1619111856068-c06b65c4-9d4e\u00bb]\n<div class=\"wpcf7 no-js\" id=\"wpcf7-f75336-o1\" lang=\"es-ES\" dir=\"ltr\" data-wpcf7-id=\"75336\">\n<div class=\"screen-reader-response\"><p role=\"status\" aria-live=\"polite\" aria-atomic=\"true\"><\/p> <ul><\/ul><\/div>\n<form action=\"\/index.php?rest_route=%2Fwp%2Fv2%2Fpages%2F75266#wpcf7-f75336-o1\" method=\"post\" class=\"wpcf7-form init\" aria-label=\"Formulario de contacto\" novalidate=\"novalidate\" data-status=\"init\">\n<div style=\"display: none;\">\n<input type=\"hidden\" name=\"_wpcf7\" value=\"75336\" \/>\n<input type=\"hidden\" name=\"_wpcf7_version\" value=\"6.0.6\" \/>\n<input type=\"hidden\" name=\"_wpcf7_locale\" value=\"es_ES\" \/>\n<input type=\"hidden\" name=\"_wpcf7_unit_tag\" value=\"wpcf7-f75336-o1\" \/>\n<input type=\"hidden\" name=\"_wpcf7_container_post\" value=\"0\" \/>\n<input type=\"hidden\" name=\"_wpcf7_posted_data_hash\" value=\"\" \/>\n<input type=\"hidden\" name=\"_wpcf7_recaptcha_response\" value=\"\" \/>\n<\/div>\n<div class=\"container\">\n\t<div class=\"row\">\n\t\t<div class=\"col-md-6\">\n\t\t\t<p><span class=\"wpcf7-form-control-wrap\" data-name=\"your-name\"><input size=\"40\" maxlength=\"400\" class=\"wpcf7-form-control wpcf7-text wpcf7-validates-as-required\" aria-required=\"true\" aria-invalid=\"false\" placeholder=\"Nombre\" value=\"\" type=\"text\" name=\"your-name\" \/><\/span><br \/>\n<span class=\"wpcf7-form-control-wrap\" data-name=\"email-838\"><input size=\"40\" maxlength=\"400\" class=\"wpcf7-form-control wpcf7-email wpcf7-validates-as-required wpcf7-text wpcf7-validates-as-email\" aria-required=\"true\" aria-invalid=\"false\" placeholder=\"Correo electr\u00f3nico\" value=\"\" type=\"email\" name=\"email-838\" \/><\/span><br \/>\n<span class=\"wpcf7-form-control-wrap\" data-name=\"tel-105\"><input size=\"40\" maxlength=\"400\" class=\"wpcf7-form-control wpcf7-tel wpcf7-validates-as-required wpcf7-text wpcf7-validates-as-tel\" aria-required=\"true\" aria-invalid=\"false\" placeholder=\"Numero de telefono\" value=\"\" type=\"tel\" name=\"tel-105\" \/><\/span><br \/>\n<span class=\"wpcf7-form-control-wrap\" data-name=\"marca-453\"><input size=\"40\" maxlength=\"400\" class=\"wpcf7-form-control wpcf7-text wpcf7-validates-as-required\" aria-required=\"true\" aria-invalid=\"false\" placeholder=\"Marca veh\u00edculo\" value=\"\" type=\"text\" name=\"marca-453\" \/><\/span>\n\t\t\t<\/p>\n\t\t<\/div>\n\t\t<div class=\"col-md-6\">\n\t\t\t<p><span class=\"wpcf7-form-control-wrap\" data-name=\"modelo-454\"><input size=\"40\" maxlength=\"400\" class=\"wpcf7-form-control wpcf7-text wpcf7-validates-as-required\" aria-required=\"true\" aria-invalid=\"false\" placeholder=\"A\u00f1o de matricula del veh\u00edculo\" value=\"\" type=\"text\" name=\"modelo-454\" \/><\/span><br \/>\n<span class=\"wpcf7-form-control-wrap\" data-name=\"version-455\"><input size=\"40\" maxlength=\"400\" class=\"wpcf7-form-control wpcf7-text\" aria-invalid=\"false\" placeholder=\"Version veh\u00edculo\" value=\"\" type=\"text\" name=\"version-455\" \/><\/span><br \/>\n<span class=\"wpcf7-form-control-wrap\" data-name=\"origen-456\"><input size=\"40\" maxlength=\"400\" class=\"wpcf7-form-control wpcf7-text wpcf7-validates-as-required\" aria-required=\"true\" aria-invalid=\"false\" placeholder=\"Ciudad origen\" value=\"\" type=\"text\" name=\"origen-456\" \/><\/span><br \/>\n<span class=\"wpcf7-form-control-wrap\" data-name=\"destino-457\"><input size=\"40\" maxlength=\"400\" class=\"wpcf7-form-control wpcf7-text wpcf7-validates-as-required\" aria-required=\"true\" aria-invalid=\"false\" placeholder=\"Ciudad destino\" value=\"\" type=\"text\" name=\"destino-457\" \/><\/span><br \/>\n<span class=\"wpcf7-form-control-wrap\" data-name=\"menu-430\"><select class=\"wpcf7-form-control wpcf7-select wpcf7-validates-as-required\" aria-required=\"true\" aria-invalid=\"false\" name=\"menu-430\"><option value=\"Elija un nivel de prioridad\">Elija un nivel de prioridad<\/option><option value=\"Baja\">Baja<\/option><option value=\"Media\">Media<\/option><option value=\"Alta\">Alta<\/option><\/select><\/span>\n\t\t\t<\/p>\n\t\t<\/div>\n\t\t<div class=\"col-12\">\n\t\t\t<p><input class=\"wpcf7-form-control wpcf7-submit has-spinner\" type=\"submit\" value=\"Enviar\" \/>\n\t\t\t<\/p>\n\t\t<\/div>\n\t<\/div>\n<\/div><p style=\"display: none !important;\" class=\"akismet-fields-container\" data-prefix=\"_wpcf7_ak_\"><label>&#916;<textarea name=\"_wpcf7_ak_hp_textarea\" cols=\"45\" rows=\"8\" maxlength=\"100\"><\/textarea><\/label><input type=\"hidden\" id=\"ak_js_1\" name=\"_wpcf7_ak_js\" value=\"7\"\/><script>document.getElementById( \"ak_js_1\" ).setAttribute( \"value\", ( new Date() ).getTime() );<\/script><\/p><div class=\"wpcf7-response-output\" aria-hidden=\"true\"><\/div>\n<\/form>\n<\/div>\n[\/vc_tta_section][vc_tta_section i_icon_fontawesome=\u00bbfas fa-phone-alt\u00bb add_icon=\u00bbtrue\u00bb title=\u00bbSolicitud de llamada\u00bb tab_id=\u00bb1619111856091-e39bde25-e70f\u00bb]\n<div class=\"wpcf7 no-js\" id=\"wpcf7-f75330-o2\" lang=\"es-ES\" dir=\"ltr\" data-wpcf7-id=\"75330\">\n<div class=\"screen-reader-response\"><p role=\"status\" aria-live=\"polite\" aria-atomic=\"true\"><\/p> <ul><\/ul><\/div>\n<form action=\"\/index.php?rest_route=%2Fwp%2Fv2%2Fpages%2F75266#wpcf7-f75330-o2\" method=\"post\" class=\"wpcf7-form init\" aria-label=\"Formulario de contacto\" novalidate=\"novalidate\" data-status=\"init\">\n<div style=\"display: none;\">\n<input type=\"hidden\" name=\"_wpcf7\" value=\"75330\" \/>\n<input type=\"hidden\" name=\"_wpcf7_version\" value=\"6.0.6\" \/>\n<input type=\"hidden\" name=\"_wpcf7_locale\" value=\"es_ES\" \/>\n<input type=\"hidden\" name=\"_wpcf7_unit_tag\" value=\"wpcf7-f75330-o2\" \/>\n<input type=\"hidden\" name=\"_wpcf7_container_post\" value=\"0\" \/>\n<input type=\"hidden\" name=\"_wpcf7_posted_data_hash\" value=\"\" \/>\n<input type=\"hidden\" name=\"_wpcf7_recaptcha_response\" value=\"\" \/>\n<\/div>\n<p><span class=\"wpcf7-form-control-wrap\" data-name=\"your-name\"><input size=\"40\" maxlength=\"400\" class=\"wpcf7-form-control wpcf7-text wpcf7-validates-as-required\" aria-required=\"true\" aria-invalid=\"false\" placeholder=\"Nombre\" value=\"\" type=\"text\" name=\"your-name\" \/><\/span><br \/>\n<span class=\"wpcf7-form-control-wrap\" data-name=\"tel-105\"><input size=\"40\" maxlength=\"400\" class=\"wpcf7-form-control wpcf7-tel wpcf7-validates-as-required wpcf7-text wpcf7-validates-as-tel\" aria-required=\"true\" aria-invalid=\"false\" placeholder=\"Numero de telefono\" value=\"\" type=\"tel\" name=\"tel-105\" \/><\/span><span class=\"wpcf7-form-control-wrap\" data-name=\"menu-430\"><select class=\"wpcf7-form-control wpcf7-select wpcf7-validates-as-required\" aria-required=\"true\" aria-invalid=\"false\" name=\"menu-430\"><option value=\"Elija un nivel de prioridad\">Elija un nivel de prioridad<\/option><option value=\"Baja\">Baja<\/option><option value=\"Media\">Media<\/option><option value=\"Alta\">Alta<\/option><\/select><\/span>\n<\/p>\n<p><input class=\"wpcf7-form-control wpcf7-submit has-spinner\" type=\"submit\" value=\"Enviar\" \/>\n<\/p><p style=\"display: none !important;\" class=\"akismet-fields-container\" data-prefix=\"_wpcf7_ak_\"><label>&#916;<textarea name=\"_wpcf7_ak_hp_textarea\" cols=\"45\" rows=\"8\" maxlength=\"100\"><\/textarea><\/label><input type=\"hidden\" id=\"ak_js_2\" name=\"_wpcf7_ak_js\" value=\"176\"\/><script>document.getElementById( \"ak_js_2\" ).setAttribute( \"value\", ( new Date() ).getTime() );<\/script><\/p><div class=\"wpcf7-response-output\" aria-hidden=\"true\"><\/div>\n<\/form>\n<\/div>\n[\/vc_tta_section][\/vc_tta_accordion][\/vc_column][\/vc_row]<\/p>\n","protected":false},"excerpt":{"rendered":"<p>[vc_row][vc_column width=\u00bb1\/2&#8243;][vc_hoverbox image=\u00bb75080&#8243; primary_title=\u00bb\u00bb hover_title=\u00bb\u00bb hover_align=\u00bbjustify\u00bb css=\u00bb.vc_custom_1619117049507{margin-bottom: 20px !important;}\u00bb]\u00bfEst\u00e1 buscando un aliado estrat\u00e9gico para transportar los veh\u00edculos de su empresa? [&hellip;]<\/p>\n","protected":false},"author":1,"featured_media":0,"parent":0,"menu_order":0,"comment_status":"closed","ping_status":"closed","template":"","meta":{"_joinchat":[],"footnotes":""},"class_list":["post-75266","page","type-page","status-publish","hentry"],"aioseo_notices":[],"_links":{"self":[{"href":"https:\/\/transportesteve.com\/index.php?rest_route=\/wp\/v2\/pages\/75266","targetHints":{"allow":["GET"]}}],"collection":[{"href":"https:\/\/transportesteve.com\/index.php?rest_route=\/wp\/v2\/pages"}],"about":[{"href":"https:\/\/transportesteve.com\/index.php?rest_route=\/wp\/v2\/types\/page"}],"author":[{"embeddable":true,"href":"https:\/\/transportesteve.com\/index.php?rest_route=\/wp\/v2\/users\/1"}],"replies":[{"embeddable":true,"href":"https:\/\/transportesteve.com\/index.php?rest_route=%2Fwp%2Fv2%2Fcomments&post=75266"}],"version-history":[{"count":24,"href":"https:\/\/transportesteve.com\/index.php?rest_route=\/wp\/v2\/pages\/75266\/revisions"}],"predecessor-version":[{"id":75338,"href":"https:\/\/transportesteve.com\/index.php?rest_route=\/wp\/v2\/pages\/75266\/revisions\/75338"}],"wp:attachment":[{"href":"https:\/\/transportesteve.com\/index.php?rest_route=%2Fwp%2Fv2%2Fmedia&parent=75266"}],"curies":[{"name":"wp","href":"https:\/\/api.w.org\/{rel}","templated":true}]}}